{"id":2,"date":"2023-05-11T20:42:19","date_gmt":"2023-05-11T20:42:19","guid":{"rendered":"http:\/\/solidpro.pl\/?page_id=2"},"modified":"2023-10-07T08:56:24","modified_gmt":"2023-10-07T08:56:24","slug":"sample-page","status":"publish","type":"page","link":"https:\/\/solidpro.pl\/index.php\/sample-page\/","title":{"rendered":"Przeno\u015bniki rolkowe"},"content":{"rendered":"\t\t<div data-elementor-type=\"wp-page\" data-elementor-id=\"2\" class=\"elementor elementor-2\">\n\t\t\t\t\t\t<section class=\"elementor-section elementor-top-section elementor-element elementor-element-2f1a42c0 elementor-section-boxed elementor-section-height-default elementor-section-height-default tm-col-stretched-none tm-bg-color-over-image\" data-id=\"2f1a42c0\" data-element_type=\"section\">\n\t\t\t\t\t\t<div class=\"elementor-container elementor-column-gap-default\">\n\t\t\t\t\t<div class=\"elementor-column elementor-col-100 elementor-top-column elementor-element elementor-element-16dcec3 tm-bg-color-over-image\" data-id=\"16dcec3\" data-element_type=\"column\">\n\t\t\t<div class=\"elementor-widget-wrap elementor-element-populated\">\n\t\t\t\t\t\t<div class=\"elementor-element elementor-element-77bbbeec elementor-widget__width-initial elementor-widget elementor-widget-text-editor\" data-id=\"77bbbeec\" data-element_type=\"widget\" data-widget_type=\"text-editor.default\">\n\t\t\t\t<div class=\"elementor-widget-container\">\n\t\t\t\t\t\t\t\t\t\n<h4>Jeste\u015bmy do\u015bwiadczon\u0105 firm\u0105 specjalizuj\u0105c\u0105 si\u0119 w projektowaniu i produkcji innowacyjnych maszyn dla przemys\u0142u. Nasze rozwi\u0105zania s\u0105 oparte na solidnych fundamentach in\u017cynierii, technologii i pasji, co pozwala nam dostarcza\u0107 klientom produkty najwy\u017cszej jako\u015bci, spe\u0142niaj\u0105ce ich unikalne potrzeby.<\/h4>\n<p>Nasze bodowane maszyny to synonim precyzji, niezawodno\u015bci i efektywno\u015bci. Tworzymy transportery, zbiorniki procesowe, magazynowe oraz r\u00f3\u017cnego rodzaju i typy transporter\u00f3w, kt\u00f3re zapewniaj\u0105 sprawn\u0105 logistyk\u0119 i optymalizacj\u0119 proces\u00f3w przemys\u0142owych.<\/p>\n<p>Ponadto, nasze podesty dost\u0119powe s\u0105 zaprojektowane z my\u015bl\u0105 o bezpiecze\u0144stwie i wydajno\u015bci, umo\u017cliwiaj\u0105c swobodny dost\u0119p do kluczowych obszar\u00f3w produkcji.<\/p>\n<p>K\u0142adziemy nacisk na ci\u0105g\u0142e doskonalenie naszych produkt\u00f3w, uwzgl\u0119dniaj\u0105c najnowsze trendy technologiczne, zr\u00f3wnowa\u017cony rozw\u00f3j i oczekiwania naszych klient\u00f3w. D\u0105\u017cymy do wyznaczania standard\u00f3w w bran\u017cy, oferuj\u0105c innowacje, kt\u00f3re nap\u0119dzaj\u0105 sukces naszych partner\u00f3w biznesowych.<\/p>\n<p>Je\u015bli szukaj\u0105 Pa\u0144stwo niezawodnych i zaawansowanych rozwi\u0105za\u0144 dla swojego przemys\u0142owego przedsi\u0119biorstwa, serdecznie zach\u0119camy do kontaktu z naszym zespo\u0142em. Ch\u0119tnie odpowiemy na wszelkie pytania, przedstawimy szczeg\u00f3\u0142y naszych produkt\u00f3w i znajdziemy idealne rozwi\u0105zanie dostosowane do Pa\u0144stwa potrzeb<\/p>\n<p><\/p>\n<h4><strong>Transportery przemys\u0142owe:<\/strong><\/h4>\n<ol>\n<li style=\"list-style-type: none;\">\n<ul>\n<li><strong>Przeno\u015bnik ta\u015bmowy:<\/strong> Wydajne rozwi\u0105zanie do transportu materia\u0142\u00f3w i produkt\u00f3w na d\u0142ugich dystansach.<\/li>\n<li><strong>Transporter \u015blimakowy:<\/strong> Stosowany do pionowego lub poziomego przemieszczania materia\u0142\u00f3w sypkich.<\/li>\n<li><strong>Przeno\u015bnik rolkowy:<\/strong> Idealny do p\u0142ynnego przekazywania produkt\u00f3w na r\u00f3\u017cnych etapach produkcji.<\/li>\n<\/ul>\n<\/li>\n<li style=\"list-style-type: none;\">\u00a0\n<h4><strong>Zbiorniki procesowe:<\/strong><\/h4>\n<ul>\n<li><strong>Zbiorniki mieszaj\u0105ce:<\/strong> Projektowane do dok\u0142adnego mieszania r\u00f3\u017cnych substancji i sk\u0142adnik\u00f3w.<\/li>\n<li><strong>Zbiorniki reakcyjne:<\/strong> S\u0142u\u017c\u0105ce do przeprowadzania reakcji chemicznych w kontrolowanych warunkach.<\/li>\n<li><strong>Zbiorniki magazynowe:<\/strong> Odpowiedzialne za przechowywanie i zarz\u0105dzanie materia\u0142ami w procesach produkcyjnych.<\/li>\n<\/ul>\n<\/li>\n<li style=\"list-style-type: none;\">\u00a0\n<h4><strong>Podesty dost\u0119powe:<\/strong><\/h4>\n<ul>\n<li><strong>Podesty ruchome:<\/strong> U\u0142atwiaj\u0105ce dost\u0119p do trudno osi\u0105galnych miejsc w hali produkcyjnej.<\/li>\n<li><strong>Podesty sta\u0142e:<\/strong> Zapewniaj\u0105ce sta\u0142y dost\u0119p do obszar\u00f3w produkcyjnych dla personelu.<\/li>\n<\/ul>\n<\/li>\n<li style=\"list-style-type: none;\">\u00a0\n<h4><strong>Transportery specjalistyczne:<\/strong><\/h4>\n<ul>\n<li><strong>Transportery do magazynowania palet:<\/strong> Przeznaczone do przenoszenia palet z towarem w magazynie.<\/li>\n<li><strong>Transportery ta\u015bmowe do sortowania:<\/strong> S\u0142u\u017c\u0105ce do sortowania produkt\u00f3w wed\u0142ug okre\u015blonych kryteri\u00f3w.<\/li>\n<\/ul>\n<\/li>\n<li style=\"list-style-type: none;\">\u00a0\n<h4><strong>Maszyny specjalistyczne:<\/strong><\/h4>\n<ul>\n<li><strong>Linie monta\u017cowe:<\/strong> Projektowane z uwzgl\u0119dnieniem specyfiki procesu monta\u017cowego produkt\u00f3w.<\/li>\n<li><strong>Maszyny do pakowania:<\/strong> U\u0142atwiaj\u0105ce proces pakowania gotowych wyrob\u00f3w.<\/li>\n<\/ul>\n<\/li>\n<\/ol>\n<h5>Nasza firma wytwarza\u00a0 maszyny, d\u0105\u017c\u0105c do zapewnienia najwy\u017cszej jako\u015bci, niezawodno\u015bci i efektywno\u015bci, aby sprosta\u0107 r\u00f3\u017cnorodnym potrzebom klient\u00f3w w sektorze przemys\u0142owym.<\/h5>\n\t\t\t\t\t\t\t\t<\/div>\n\t\t\t\t<\/div>\n\t\t\t\t\t<\/div>\n\t\t<\/div>\n\t\t\t\t\t<\/div>\n\t\t<\/section>\n\t\t\t\t<\/div>\n\t\t","protected":false},"excerpt":{"rendered":"<p>Jeste\u015bmy do\u015bwiadczon\u0105 firm\u0105 specjalizuj\u0105c\u0105 si\u0119 w projektowaniu i produkcji innowacyjnych maszyn dla przemys\u0142u. Nasze rozwi\u0105zania s\u0105 oparte na solidnych fundamentach&#8230;<\/p>\n","protected":false},"author":1,"featured_media":0,"parent":0,"menu_order":0,"comment_status":"closed","ping_status":"open","template":"","meta":{"footnotes":""},"class_list":["post-2","page","type-page","status-publish","hentry"],"_links":{"self":[{"href":"https:\/\/solidpro.pl\/index.php\/wp-json\/wp\/v2\/pages\/2","targetHints":{"allow":["GET"]}}],"collection":[{"href":"https:\/\/solidpro.pl\/index.php\/wp-json\/wp\/v2\/pages"}],"about":[{"href":"https:\/\/solidpro.pl\/index.php\/wp-json\/wp\/v2\/types\/page"}],"author":[{"embeddable":true,"href":"https:\/\/solidpro.pl\/index.php\/wp-json\/wp\/v2\/users\/1"}],"replies":[{"embeddable":true,"href":"https:\/\/solidpro.pl\/index.php\/wp-json\/wp\/v2\/comments?post=2"}],"version-history":[{"count":7,"href":"https:\/\/solidpro.pl\/index.php\/wp-json\/wp\/v2\/pages\/2\/revisions"}],"predecessor-version":[{"id":41816,"href":"https:\/\/solidpro.pl\/index.php\/wp-json\/wp\/v2\/pages\/2\/revisions\/41816"}],"wp:attachment":[{"href":"https:\/\/solidpro.pl\/index.php\/wp-json\/wp\/v2\/media?parent=2"}],"curies":[{"name":"wp","href":"https:\/\/api.w.org\/{rel}","templated":true}]}}