{"id":41371,"date":"2023-06-19T19:50:21","date_gmt":"2023-06-19T19:50:21","guid":{"rendered":"https:\/\/solidpro.pl\/?page_id=41371"},"modified":"2025-06-09T19:12:38","modified_gmt":"2025-06-09T19:12:38","slug":"transportery","status":"publish","type":"page","link":"https:\/\/solidpro.pl\/index.php\/transportery\/","title":{"rendered":"Transportery"},"content":{"rendered":"\t\t<div data-elementor-type=\"wp-page\" data-elementor-id=\"41371\" class=\"elementor elementor-41371\">\n\t\t\t\t\t\t<section class=\"elementor-section elementor-top-section elementor-element elementor-element-1d03831 elementor-section-boxed elementor-section-height-default elementor-section-height-default tm-col-stretched-none tm-bg-color-over-image\" data-id=\"1d03831\" data-element_type=\"section\">\n\t\t\t\t\t\t<div class=\"elementor-container elementor-column-gap-default\">\n\t\t\t\t\t<div class=\"elementor-column elementor-col-50 elementor-top-column elementor-element elementor-element-14f6095 tm-bg-color-over-image\" data-id=\"14f6095\" data-element_type=\"column\">\n\t\t\t<div class=\"elementor-widget-wrap elementor-element-populated\">\n\t\t\t\t\t\t<div class=\"elementor-element elementor-element-dbcc73e elementor-widget elementor-widget-heading\" data-id=\"dbcc73e\" data-element_type=\"widget\" data-widget_type=\"heading.default\">\n\t\t\t\t<div class=\"elementor-widget-container\">\n\t\t\t\t\t<h2 class=\"elementor-heading-title elementor-size-default\">Przeno\u015bniki<\/h2>\t\t\t\t<\/div>\n\t\t\t\t<\/div>\n\t\t\t\t<div class=\"elementor-element elementor-element-348d571 elementor-widget elementor-widget-image\" data-id=\"348d571\" data-element_type=\"widget\" data-widget_type=\"image.default\">\n\t\t\t\t<div class=\"elementor-widget-container\">\n\t\t\t\t\t\t\t\t\t\t\t\t<figure class=\"wp-caption\">\n\t\t\t\t\t\t\t\t\t\t<img loading=\"lazy\" decoding=\"async\" width=\"1024\" height=\"574\" src=\"https:\/\/solidpro.pl\/wp-content\/uploads\/2023\/08\/Przenosnik-L40-G20-V3-1024x574.webp\" class=\"attachment-large size-large wp-image-41615\" alt=\"\" srcset=\"https:\/\/solidpro.pl\/wp-content\/uploads\/2023\/08\/Przenosnik-L40-G20-V3-1024x574.webp 1024w, https:\/\/solidpro.pl\/wp-content\/uploads\/2023\/08\/Przenosnik-L40-G20-V3-300x168.webp 300w, https:\/\/solidpro.pl\/wp-content\/uploads\/2023\/08\/Przenosnik-L40-G20-V3-768x430.webp 768w, https:\/\/solidpro.pl\/wp-content\/uploads\/2023\/08\/Przenosnik-L40-G20-V3-600x336.webp 600w, https:\/\/solidpro.pl\/wp-content\/uploads\/2023\/08\/Przenosnik-L40-G20-V3.webp 1514w\" sizes=\"auto, (max-width: 1024px) 100vw, 1024px\" \/>\t\t\t\t\t\t\t\t\t\t\t<figcaption class=\"widget-image-caption wp-caption-text\"><\/figcaption>\n\t\t\t\t\t\t\t\t\t\t<\/figure>\n\t\t\t\t\t\t\t\t\t<\/div>\n\t\t\t\t<\/div>\n\t\t\t\t\t<\/div>\n\t\t<\/div>\n\t\t\t\t<div class=\"elementor-column elementor-col-50 elementor-top-column elementor-element elementor-element-36451c5 tm-bg-color-over-image\" data-id=\"36451c5\" data-element_type=\"column\">\n\t\t\t<div class=\"elementor-widget-wrap elementor-element-populated\">\n\t\t\t\t\t\t<div class=\"elementor-element elementor-element-858c2c3 elementor-widget elementor-widget-text-editor\" data-id=\"858c2c3\" data-element_type=\"widget\" data-widget_type=\"text-editor.default\">\n\t\t\t\t<div class=\"elementor-widget-container\">\n\t\t\t\t\t\t\t\t\t<p><span>Przeno\u015bniki to prosta, efektywna i relatywnie tania forma transportu materia\u0142\u00f3w. W procesach produkcyjnych wykorzystuje si\u0119 je jako \u0142\u0105czniki mi\u0119dzy etapami produkcji lub jako bufory dla transportowanych \u0142adunk\u00f3w. Przeno\u015bniki s\u0105 wykorzystywane jako elementy do automatyzacji ko\u0144c\u00f3w linii produkcyjnych, magazyn\u00f3w. Wykonujemy przeno\u015bniki rolkowe, ta\u015bmowe, \u0142a\u0144cuchowe, p\u0142ytkowe oraz \u015blimakowe<\/span><\/p>\t\t\t\t\t\t\t\t<\/div>\n\t\t\t\t<\/div>\n\t\t\t\t\t<\/div>\n\t\t<\/div>\n\t\t\t\t\t<\/div>\n\t\t<\/section>\n\t\t\t\t<\/div>\n\t\t","protected":false},"excerpt":{"rendered":"<p>Przeno\u015bniki Przeno\u015bniki to prosta, efektywna i relatywnie tania forma transportu materia\u0142\u00f3w. W procesach produkcyjnych wykorzystuje si\u0119 je jako \u0142\u0105czniki mi\u0119dzy&#8230;<\/p>\n","protected":false},"author":1,"featured_media":0,"parent":0,"menu_order":0,"comment_status":"closed","ping_status":"closed","template":"","meta":{"footnotes":""},"class_list":["post-41371","page","type-page","status-publish","hentry"],"_links":{"self":[{"href":"https:\/\/solidpro.pl\/index.php\/wp-json\/wp\/v2\/pages\/41371","targetHints":{"allow":["GET"]}}],"collection":[{"href":"https:\/\/solidpro.pl\/index.php\/wp-json\/wp\/v2\/pages"}],"about":[{"href":"https:\/\/solidpro.pl\/index.php\/wp-json\/wp\/v2\/types\/page"}],"author":[{"embeddable":true,"href":"https:\/\/solidpro.pl\/index.php\/wp-json\/wp\/v2\/users\/1"}],"replies":[{"embeddable":true,"href":"https:\/\/solidpro.pl\/index.php\/wp-json\/wp\/v2\/comments?post=41371"}],"version-history":[{"count":45,"href":"https:\/\/solidpro.pl\/index.php\/wp-json\/wp\/v2\/pages\/41371\/revisions"}],"predecessor-version":[{"id":42106,"href":"https:\/\/solidpro.pl\/index.php\/wp-json\/wp\/v2\/pages\/41371\/revisions\/42106"}],"wp:attachment":[{"href":"https:\/\/solidpro.pl\/index.php\/wp-json\/wp\/v2\/media?parent=41371"}],"curies":[{"name":"wp","href":"https:\/\/api.w.org\/{rel}","templated":true}]}}