{"id":41753,"date":"2023-10-04T15:22:17","date_gmt":"2023-10-04T15:22:17","guid":{"rendered":"https:\/\/solidpro.pl\/?page_id=41753"},"modified":"2025-07-09T20:19:53","modified_gmt":"2025-07-09T20:19:53","slug":"intralogistyka","status":"publish","type":"page","link":"https:\/\/solidpro.pl\/index.php\/intralogistyka\/","title":{"rendered":"Systemy transportowe"},"content":{"rendered":"\t\t<div data-elementor-type=\"wp-page\" data-elementor-id=\"41753\" class=\"elementor elementor-41753\">\n\t\t\t\t\t\t<section class=\"elementor-section elementor-top-section elementor-element elementor-element-a32fdb3 elementor-section-boxed elementor-section-height-default elementor-section-height-default tm-col-stretched-none tm-bg-color-over-image\" data-id=\"a32fdb3\" data-element_type=\"section\">\n\t\t\t\t\t\t<div class=\"elementor-container elementor-column-gap-default\">\n\t\t\t\t\t<div class=\"elementor-column elementor-col-50 elementor-top-column elementor-element elementor-element-8423956 tm-bg-color-over-image\" data-id=\"8423956\" data-element_type=\"column\">\n\t\t\t<div class=\"elementor-widget-wrap elementor-element-populated\">\n\t\t\t\t\t\t<div class=\"elementor-element elementor-element-0647385 elementor-widget elementor-widget-heading\" data-id=\"0647385\" data-element_type=\"widget\" data-widget_type=\"heading.default\">\n\t\t\t\t<div class=\"elementor-widget-container\">\n\t\t\t\t\t<h2 class=\"elementor-heading-title elementor-size-default\">Intralogistyka<\/h2>\t\t\t\t<\/div>\n\t\t\t\t<\/div>\n\t\t\t\t<div class=\"elementor-element elementor-element-0139084 elementor-widget elementor-widget-image\" data-id=\"0139084\" data-element_type=\"widget\" data-widget_type=\"image.default\">\n\t\t\t\t<div class=\"elementor-widget-container\">\n\t\t\t\t\t\t\t\t\t\t\t\t\t\t\t<img loading=\"lazy\" decoding=\"async\" width=\"1024\" height=\"577\" src=\"https:\/\/solidpro.pl\/wp-content\/uploads\/2022\/09\/Przenosnik-rolkowy-1024x577.png\" class=\"attachment-large size-large wp-image-41515\" alt=\"\" srcset=\"https:\/\/solidpro.pl\/wp-content\/uploads\/2022\/09\/Przenosnik-rolkowy-1024x577.png 1024w, https:\/\/solidpro.pl\/wp-content\/uploads\/2022\/09\/Przenosnik-rolkowy-300x169.png 300w, https:\/\/solidpro.pl\/wp-content\/uploads\/2022\/09\/Przenosnik-rolkowy-768x433.png 768w, https:\/\/solidpro.pl\/wp-content\/uploads\/2022\/09\/Przenosnik-rolkowy-600x338.png 600w, https:\/\/solidpro.pl\/wp-content\/uploads\/2022\/09\/Przenosnik-rolkowy.png 1193w\" sizes=\"auto, (max-width: 1024px) 100vw, 1024px\" \/>\t\t\t\t\t\t\t\t\t\t\t\t\t\t\t<\/div>\n\t\t\t\t<\/div>\n\t\t\t\t\t<\/div>\n\t\t<\/div>\n\t\t\t\t<div class=\"elementor-column elementor-col-50 elementor-top-column elementor-element elementor-element-3b1fbed tm-bg-color-over-image\" data-id=\"3b1fbed\" data-element_type=\"column\">\n\t\t\t<div class=\"elementor-widget-wrap elementor-element-populated\">\n\t\t\t\t\t\t<div class=\"elementor-element elementor-element-7995b43 elementor-widget elementor-widget-text-editor\" data-id=\"7995b43\" data-element_type=\"widget\" data-widget_type=\"text-editor.default\">\n\t\t\t\t<div class=\"elementor-widget-container\">\n\t\t\t\t\t\t\t\t\t<p>Intralogistyka czyli planowanie i organizacja przep\u0142yw\u00f3w materia\u0142\u00f3w i produkt\u00f3w w przedsi\u0119biorstwie. Zajmujemy si\u0119 projektowaniem i produkcj\u0105 urz\u0105dze\u0144 oraz ca\u0142ych linii logistyki wewn\u0119trznej. Do ka\u017cdego klienta podchodzimy indywidualnie i proponujemy optymalne rozwi\u0105zania.<\/p>\t\t\t\t\t\t\t\t<\/div>\n\t\t\t\t<\/div>\n\t\t\t\t\t<\/div>\n\t\t<\/div>\n\t\t\t\t\t<\/div>\n\t\t<\/section>\n\t\t\t\t<\/div>\n\t\t","protected":false},"excerpt":{"rendered":"<p>Intralogistyka Intralogistyka czyli planowanie i organizacja przep\u0142yw\u00f3w materia\u0142\u00f3w i produkt\u00f3w w przedsi\u0119biorstwie. Zajmujemy si\u0119 projektowaniem i produkcj\u0105 urz\u0105dze\u0144 oraz ca\u0142ych&#8230;<\/p>\n","protected":false},"author":1,"featured_media":0,"parent":0,"menu_order":0,"comment_status":"closed","ping_status":"closed","template":"","meta":{"footnotes":""},"class_list":["post-41753","page","type-page","status-publish","hentry"],"_links":{"self":[{"href":"https:\/\/solidpro.pl\/index.php\/wp-json\/wp\/v2\/pages\/41753","targetHints":{"allow":["GET"]}}],"collection":[{"href":"https:\/\/solidpro.pl\/index.php\/wp-json\/wp\/v2\/pages"}],"about":[{"href":"https:\/\/solidpro.pl\/index.php\/wp-json\/wp\/v2\/types\/page"}],"author":[{"embeddable":true,"href":"https:\/\/solidpro.pl\/index.php\/wp-json\/wp\/v2\/users\/1"}],"replies":[{"embeddable":true,"href":"https:\/\/solidpro.pl\/index.php\/wp-json\/wp\/v2\/comments?post=41753"}],"version-history":[{"count":9,"href":"https:\/\/solidpro.pl\/index.php\/wp-json\/wp\/v2\/pages\/41753\/revisions"}],"predecessor-version":[{"id":42641,"href":"https:\/\/solidpro.pl\/index.php\/wp-json\/wp\/v2\/pages\/41753\/revisions\/42641"}],"wp:attachment":[{"href":"https:\/\/solidpro.pl\/index.php\/wp-json\/wp\/v2\/media?parent=41753"}],"curies":[{"name":"wp","href":"https:\/\/api.w.org\/{rel}","templated":true}]}}