{"id":41913,"date":"2023-10-10T17:19:55","date_gmt":"2023-10-10T17:19:55","guid":{"rendered":"https:\/\/solidpro.pl\/?page_id=41913"},"modified":"2025-07-08T19:53:23","modified_gmt":"2025-07-08T19:53:23","slug":"transfery","status":"publish","type":"page","link":"https:\/\/solidpro.pl\/index.php\/transfery\/","title":{"rendered":"Transfery"},"content":{"rendered":"\t\t<div data-elementor-type=\"wp-page\" data-elementor-id=\"41913\" class=\"elementor elementor-41913\">\n\t\t\t\t\t\t<section class=\"elementor-section elementor-top-section elementor-element elementor-element-b7e7345 elementor-section-boxed elementor-section-height-default elementor-section-height-default tm-col-stretched-none tm-bg-color-over-image\" data-id=\"b7e7345\" data-element_type=\"section\">\n\t\t\t\t\t\t<div class=\"elementor-container elementor-column-gap-default\">\n\t\t\t\t\t<div class=\"elementor-column elementor-col-50 elementor-top-column elementor-element elementor-element-7f16b25 tm-bg-color-over-image\" data-id=\"7f16b25\" data-element_type=\"column\">\n\t\t\t<div class=\"elementor-widget-wrap elementor-element-populated\">\n\t\t\t\t\t\t<div class=\"elementor-element elementor-element-7d1bead elementor-widget elementor-widget-heading\" data-id=\"7d1bead\" data-element_type=\"widget\" data-widget_type=\"heading.default\">\n\t\t\t\t<div class=\"elementor-widget-container\">\n\t\t\t\t\t<h2 class=\"elementor-heading-title elementor-size-default\">Transfery<\/h2>\t\t\t\t<\/div>\n\t\t\t\t<\/div>\n\t\t\t\t<div class=\"elementor-element elementor-element-9534b5c elementor-widget elementor-widget-image\" data-id=\"9534b5c\" data-element_type=\"widget\" data-widget_type=\"image.default\">\n\t\t\t\t<div class=\"elementor-widget-container\">\n\t\t\t\t\t\t\t\t\t\t\t\t\t\t\t<img loading=\"lazy\" decoding=\"async\" width=\"922\" height=\"641\" src=\"https:\/\/solidpro.pl\/wp-content\/uploads\/2025\/07\/Zrzut-ekranu-2025-07-08-215038.png\" class=\"attachment-large size-large wp-image-42622\" alt=\"\" srcset=\"https:\/\/solidpro.pl\/wp-content\/uploads\/2025\/07\/Zrzut-ekranu-2025-07-08-215038.png 922w, https:\/\/solidpro.pl\/wp-content\/uploads\/2025\/07\/Zrzut-ekranu-2025-07-08-215038-300x209.png 300w, https:\/\/solidpro.pl\/wp-content\/uploads\/2025\/07\/Zrzut-ekranu-2025-07-08-215038-768x534.png 768w, https:\/\/solidpro.pl\/wp-content\/uploads\/2025\/07\/Zrzut-ekranu-2025-07-08-215038-600x417.png 600w\" sizes=\"auto, (max-width: 922px) 100vw, 922px\" \/>\t\t\t\t\t\t\t\t\t\t\t\t\t\t\t<\/div>\n\t\t\t\t<\/div>\n\t\t\t\t\t<\/div>\n\t\t<\/div>\n\t\t\t\t<div class=\"elementor-column elementor-col-50 elementor-top-column elementor-element elementor-element-d696e73 tm-bg-color-over-image\" data-id=\"d696e73\" data-element_type=\"column\">\n\t\t\t<div class=\"elementor-widget-wrap elementor-element-populated\">\n\t\t\t\t\t\t<div class=\"elementor-element elementor-element-bcbe537 elementor-widget elementor-widget-text-editor\" data-id=\"bcbe537\" data-element_type=\"widget\" data-widget_type=\"text-editor.default\">\n\t\t\t\t<div class=\"elementor-widget-container\">\n\t\t\t\t\t\t\t\t\t<p>Transfery to urz\u0105dzenia s\u0142u\u017c\u0105ce do zmiany kierunku ruchu \u0142adunku z jednoczesn\u0105 zmian\u0105 jego orientacji. Transfer ma za zadanie odebra\u0107 \u0142adunek z jednej linii i przekaza\u0107 na drug\u0105 prostopad\u0142\u0105 do niej. transfery mog\u0105 by\u0107 rolkowe lub \u0142a\u0144cuchowe. Unoszenie transferu jest realizowane si\u0142ownikiem pneumatycznym lub mimo\u015brodem nap\u0119dzanym silnikiem elektrycznym.<\/p>\t\t\t\t\t\t\t\t<\/div>\n\t\t\t\t<\/div>\n\t\t\t\t\t<\/div>\n\t\t<\/div>\n\t\t\t\t\t<\/div>\n\t\t<\/section>\n\t\t\t\t<\/div>\n\t\t","protected":false},"excerpt":{"rendered":"<p>Transfery Transfery to urz\u0105dzenia s\u0142u\u017c\u0105ce do zmiany kierunku ruchu \u0142adunku z jednoczesn\u0105 zmian\u0105 jego orientacji. Transfer ma za zadanie odebra\u0107&#8230;<\/p>\n","protected":false},"author":1,"featured_media":0,"parent":0,"menu_order":0,"comment_status":"closed","ping_status":"closed","template":"","meta":{"footnotes":""},"class_list":["post-41913","page","type-page","status-publish","hentry"],"_links":{"self":[{"href":"https:\/\/solidpro.pl\/index.php\/wp-json\/wp\/v2\/pages\/41913","targetHints":{"allow":["GET"]}}],"collection":[{"href":"https:\/\/solidpro.pl\/index.php\/wp-json\/wp\/v2\/pages"}],"about":[{"href":"https:\/\/solidpro.pl\/index.php\/wp-json\/wp\/v2\/types\/page"}],"author":[{"embeddable":true,"href":"https:\/\/solidpro.pl\/index.php\/wp-json\/wp\/v2\/users\/1"}],"replies":[{"embeddable":true,"href":"https:\/\/solidpro.pl\/index.php\/wp-json\/wp\/v2\/comments?post=41913"}],"version-history":[{"count":7,"href":"https:\/\/solidpro.pl\/index.php\/wp-json\/wp\/v2\/pages\/41913\/revisions"}],"predecessor-version":[{"id":42625,"href":"https:\/\/solidpro.pl\/index.php\/wp-json\/wp\/v2\/pages\/41913\/revisions\/42625"}],"wp:attachment":[{"href":"https:\/\/solidpro.pl\/index.php\/wp-json\/wp\/v2\/media?parent=41913"}],"curies":[{"name":"wp","href":"https:\/\/api.w.org\/{rel}","templated":true}]}}