{"id":41949,"date":"2024-02-24T21:27:12","date_gmt":"2024-02-24T21:27:12","guid":{"rendered":"https:\/\/solidpro.pl\/?page_id=41949"},"modified":"2025-06-23T18:41:14","modified_gmt":"2025-06-23T18:41:14","slug":"wozki-transportowe","status":"publish","type":"page","link":"https:\/\/solidpro.pl\/index.php\/wozki-transportowe\/","title":{"rendered":"W\u00f3zki transportowe"},"content":{"rendered":"\t\t<div data-elementor-type=\"wp-page\" data-elementor-id=\"41949\" class=\"elementor elementor-41949\">\n\t\t\t\t\t\t<section class=\"elementor-section elementor-top-section elementor-element elementor-element-5b66804 elementor-section-boxed elementor-section-height-default elementor-section-height-default tm-col-stretched-none tm-bg-color-over-image\" data-id=\"5b66804\" data-element_type=\"section\">\n\t\t\t\t\t\t<div class=\"elementor-container elementor-column-gap-default\">\n\t\t\t\t\t<div class=\"elementor-column elementor-col-100 elementor-top-column elementor-element elementor-element-1197e16 tm-bg-color-over-image\" data-id=\"1197e16\" data-element_type=\"column\">\n\t\t\t<div class=\"elementor-widget-wrap elementor-element-populated\">\n\t\t\t\t\t\t<div class=\"elementor-element elementor-element-5ad18b1 elementor-widget elementor-widget-heading\" data-id=\"5ad18b1\" data-element_type=\"widget\" data-widget_type=\"heading.default\">\n\t\t\t\t<div class=\"elementor-widget-container\">\n\t\t\t\t\t<h2 class=\"elementor-heading-title elementor-size-default\">W\u00f3zki transportowe<\/h2>\t\t\t\t<\/div>\n\t\t\t\t<\/div>\n\t\t\t\t\t<\/div>\n\t\t<\/div>\n\t\t\t\t\t<\/div>\n\t\t<\/section>\n\t\t\t\t<section class=\"elementor-section elementor-top-section elementor-element elementor-element-3ce3109 elementor-section-boxed elementor-section-height-default elementor-section-height-default tm-col-stretched-none tm-bg-color-over-image\" data-id=\"3ce3109\" data-element_type=\"section\">\n\t\t\t\t\t\t<div class=\"elementor-container elementor-column-gap-default\">\n\t\t\t\t\t<div class=\"elementor-column elementor-col-50 elementor-top-column elementor-element elementor-element-3dc6c9e tm-bg-color-over-image\" data-id=\"3dc6c9e\" data-element_type=\"column\">\n\t\t\t<div class=\"elementor-widget-wrap elementor-element-populated\">\n\t\t\t\t\t\t<div class=\"elementor-element elementor-element-0442c44 elementor-widget elementor-widget-image\" data-id=\"0442c44\" data-element_type=\"widget\" data-widget_type=\"image.default\">\n\t\t\t\t<div class=\"elementor-widget-container\">\n\t\t\t\t\t\t\t\t\t\t\t\t\t\t\t<img loading=\"lazy\" decoding=\"async\" width=\"683\" height=\"1024\" src=\"https:\/\/solidpro.pl\/wp-content\/uploads\/2025\/06\/ChatGPT-Image-23-cze-2025-20_33_24-1-683x1024.png\" class=\"attachment-large size-large wp-image-42310\" alt=\"\" srcset=\"https:\/\/solidpro.pl\/wp-content\/uploads\/2025\/06\/ChatGPT-Image-23-cze-2025-20_33_24-1-683x1024.png 683w, https:\/\/solidpro.pl\/wp-content\/uploads\/2025\/06\/ChatGPT-Image-23-cze-2025-20_33_24-1-200x300.png 200w, https:\/\/solidpro.pl\/wp-content\/uploads\/2025\/06\/ChatGPT-Image-23-cze-2025-20_33_24-1-768x1152.png 768w, https:\/\/solidpro.pl\/wp-content\/uploads\/2025\/06\/ChatGPT-Image-23-cze-2025-20_33_24-1-600x900.png 600w, https:\/\/solidpro.pl\/wp-content\/uploads\/2025\/06\/ChatGPT-Image-23-cze-2025-20_33_24-1.png 1024w\" sizes=\"auto, (max-width: 683px) 100vw, 683px\" \/>\t\t\t\t\t\t\t\t\t\t\t\t\t\t\t<\/div>\n\t\t\t\t<\/div>\n\t\t\t\t\t<\/div>\n\t\t<\/div>\n\t\t\t\t<div class=\"elementor-column elementor-col-50 elementor-top-column elementor-element elementor-element-3804f15 tm-bg-color-over-image\" data-id=\"3804f15\" data-element_type=\"column\">\n\t\t\t<div class=\"elementor-widget-wrap elementor-element-populated\">\n\t\t\t\t\t\t<div class=\"elementor-element elementor-element-66bb536 elementor-widget elementor-widget-text-editor\" data-id=\"66bb536\" data-element_type=\"widget\" data-widget_type=\"text-editor.default\">\n\t\t\t\t<div class=\"elementor-widget-container\">\n\t\t\t\t\t\t\t\t\t<p>Projektujemy i budujemy w\u00f3zki ze stali nierdzewnej oraz malowanej. Podczas projektowania zwracamy uwag\u0119 na indywidualne potrzeby klienta takie jak przeznaczenie w\u00f3zka, \u015brodowisko pracy. W\u00f3zki budowane s\u0105 zgodnie z zasadami ergonomii pracy oraz BHP.\u00a0<\/p>\t\t\t\t\t\t\t\t<\/div>\n\t\t\t\t<\/div>\n\t\t\t\t\t<\/div>\n\t\t<\/div>\n\t\t\t\t\t<\/div>\n\t\t<\/section>\n\t\t\t\t<\/div>\n\t\t","protected":false},"excerpt":{"rendered":"<p>W\u00f3zki transportowe Projektujemy i budujemy w\u00f3zki ze stali nierdzewnej oraz malowanej. Podczas projektowania zwracamy uwag\u0119 na indywidualne potrzeby klienta takie&#8230;<\/p>\n","protected":false},"author":1,"featured_media":0,"parent":0,"menu_order":0,"comment_status":"closed","ping_status":"closed","template":"","meta":{"footnotes":""},"class_list":["post-41949","page","type-page","status-publish","hentry"],"_links":{"self":[{"href":"https:\/\/solidpro.pl\/index.php\/wp-json\/wp\/v2\/pages\/41949","targetHints":{"allow":["GET"]}}],"collection":[{"href":"https:\/\/solidpro.pl\/index.php\/wp-json\/wp\/v2\/pages"}],"about":[{"href":"https:\/\/solidpro.pl\/index.php\/wp-json\/wp\/v2\/types\/page"}],"author":[{"embeddable":true,"href":"https:\/\/solidpro.pl\/index.php\/wp-json\/wp\/v2\/users\/1"}],"replies":[{"embeddable":true,"href":"https:\/\/solidpro.pl\/index.php\/wp-json\/wp\/v2\/comments?post=41949"}],"version-history":[{"count":7,"href":"https:\/\/solidpro.pl\/index.php\/wp-json\/wp\/v2\/pages\/41949\/revisions"}],"predecessor-version":[{"id":42313,"href":"https:\/\/solidpro.pl\/index.php\/wp-json\/wp\/v2\/pages\/41949\/revisions\/42313"}],"wp:attachment":[{"href":"https:\/\/solidpro.pl\/index.php\/wp-json\/wp\/v2\/media?parent=41949"}],"curies":[{"name":"wp","href":"https:\/\/api.w.org\/{rel}","templated":true}]}}