{"id":42600,"date":"2025-07-08T15:03:56","date_gmt":"2025-07-08T15:03:56","guid":{"rendered":"https:\/\/solidpro.pl\/?page_id=42600"},"modified":"2025-07-08T15:15:08","modified_gmt":"2025-07-08T15:15:08","slug":"o-nas","status":"publish","type":"page","link":"https:\/\/solidpro.pl\/index.php\/o-nas\/","title":{"rendered":"O nas"},"content":{"rendered":"\n<figure class=\"wp-block-gallery has-nested-images columns-default is-cropped wp-block-gallery-1 is-layout-flex wp-block-gallery-is-layout-flex\"><\/figure>\n\n\n\n<p>Solidpro to zesp\u00f3\u0142 pasjonat\u00f3w technologii i in\u017cynierii przemys\u0142owej z siedzib\u0105 we Wroc\u0142awiu. \u0141\u0105czymy wieloletnie do\u015bwiadczenie z zaanga\u017cowaniem oraz kreatywno\u015bci\u0105, aby tworzy\u0107 innowacyjne i precyzyjne rozwi\u0105zania dostosowane do indywidualnych potrzeb klient\u00f3w.<\/p>\n\n\n\n<p>Nasz\u0105 misj\u0105 jest nie tylko dostarczanie najwy\u017cszej jako\u015bci urz\u0105dze\u0144 i konstrukcji przemys\u0142owych, lecz tak\u017ce ci\u0105g\u0142e doskonalenie i rozw\u00f3j, nap\u0119dzany pasj\u0105 do nowych technologii. W Solidpro wierzymy, \u017ce to w\u0142a\u015bnie pasja i profesjonalizm s\u0105 kluczem do sukcesu i zadowolenia naszych partner\u00f3w biznesowych.<\/p>\n\n\n\n<p>Budujemy trwa\u0142e relacje oparte na zaufaniu, rzetelno\u015bci oraz wzajemnym szacunku, a ka\u017cde wyzwanie traktujemy jako okazj\u0119 do stworzenia czego\u015b wyj\u0105tkowego.<\/p>\n\n\n\n<figure class=\"wp-block-image size-large\"><img loading=\"lazy\" decoding=\"async\" width=\"1024\" height=\"724\" src=\"https:\/\/solidpro.pl\/wp-content\/uploads\/2022\/11\/Solidpro-V6-3-1024x724.png\" alt=\"\" class=\"wp-image-41457\" srcset=\"https:\/\/solidpro.pl\/wp-content\/uploads\/2022\/11\/Solidpro-V6-3-1024x724.png 1024w, https:\/\/solidpro.pl\/wp-content\/uploads\/2022\/11\/Solidpro-V6-3-300x212.png 300w, https:\/\/solidpro.pl\/wp-content\/uploads\/2022\/11\/Solidpro-V6-3-768x543.png 768w, https:\/\/solidpro.pl\/wp-content\/uploads\/2022\/11\/Solidpro-V6-3-1536x1086.png 1536w, https:\/\/solidpro.pl\/wp-content\/uploads\/2022\/11\/Solidpro-V6-3-2048x1448.png 2048w, https:\/\/solidpro.pl\/wp-content\/uploads\/2022\/11\/Solidpro-V6-3-600x424.png 600w\" sizes=\"auto, (max-width: 1024px) 100vw, 1024px\" \/><\/figure>\n","protected":false},"excerpt":{"rendered":"<p>Solidpro to zesp\u00f3\u0142 pasjonat\u00f3w technologii i in\u017cynierii przemys\u0142owej z siedzib\u0105 we Wroc\u0142awiu. \u0141\u0105czymy wieloletnie do\u015bwiadczenie z zaanga\u017cowaniem oraz kreatywno\u015bci\u0105, aby&#8230;<\/p>\n","protected":false},"author":1,"featured_media":0,"parent":0,"menu_order":0,"comment_status":"closed","ping_status":"closed","template":"","meta":{"footnotes":""},"class_list":["post-42600","page","type-page","status-publish","hentry"],"_links":{"self":[{"href":"https:\/\/solidpro.pl\/index.php\/wp-json\/wp\/v2\/pages\/42600","targetHints":{"allow":["GET"]}}],"collection":[{"href":"https:\/\/solidpro.pl\/index.php\/wp-json\/wp\/v2\/pages"}],"about":[{"href":"https:\/\/solidpro.pl\/index.php\/wp-json\/wp\/v2\/types\/page"}],"author":[{"embeddable":true,"href":"https:\/\/solidpro.pl\/index.php\/wp-json\/wp\/v2\/users\/1"}],"replies":[{"embeddable":true,"href":"https:\/\/solidpro.pl\/index.php\/wp-json\/wp\/v2\/comments?post=42600"}],"version-history":[{"count":2,"href":"https:\/\/solidpro.pl\/index.php\/wp-json\/wp\/v2\/pages\/42600\/revisions"}],"predecessor-version":[{"id":42607,"href":"https:\/\/solidpro.pl\/index.php\/wp-json\/wp\/v2\/pages\/42600\/revisions\/42607"}],"wp:attachment":[{"href":"https:\/\/solidpro.pl\/index.php\/wp-json\/wp\/v2\/media?parent=42600"}],"curies":[{"name":"wp","href":"https:\/\/api.w.org\/{rel}","templated":true}]}}